{"id":2,"date":"2024-06-26T06:16:28","date_gmt":"2024-06-26T06:16:28","guid":{"rendered":"https:\/\/perivallon.hr\/?page_id=2"},"modified":"2026-03-24T09:02:51","modified_gmt":"2026-03-24T09:02:51","slug":"naslovnica","status":"publish","type":"page","link":"https:\/\/perivallon.hr\/","title":{"rendered":"Naslovnica"},"content":{"rendered":"<div class=\"wpb-content-wrapper\"><p>[vc_row full_width=&#8221;stretch_row_content&#8221; css=&#8221;.vc_custom_1755344831493{margin-top: 50px !important;}&#8221;][vc_column][vc_column_text css=&#8221;&#8221;]<\/p>\n<div style=\"line-height: 1.6;\"><em><span style=\"font-size: 24px;\"><strong>\u00a0 \u00a0 \u00a0 \u00a0 \u00a0 \u00a0 \u00a0<\/strong><\/span><\/em><\/div>\n<p>[\/vc_column_text][\/vc_column][\/vc_row][vc_row full_width=&#8221;stretch_row_content&#8221;][vc_column width=&#8221;1\/3&#8243;][vc_column_text css=&#8221;&#8221;]<\/p>\n<h1 style=\"text-align: center;\"><a href=\"https:\/\/www.perivallon-urbana-oprema.com\/\"><span style=\"color: #333300;\"><span style=\"color: #000080;\">urbana oprema i sport<\/span><\/span><\/a><\/h1>\n<p>[\/vc_column_text][vc_column_text css=&#8221;.vc_custom_1768587896693{margin-top: -20px !important;}&#8221;]<\/p>\n<div style=\"text-align: center; line-height: 1.6;\"><a href=\"https:\/\/www.perivallon-urbana-oprema.com\/\"><strong><span style=\"font-size: 18px;\">Na ovoj stranici nalazi se asortiman nekoliko proizvo\u0111a\u010da urbane opreme za van iz razli\u010ditih materijala i specifi\u010dnog dizajna.<\/span><\/strong><\/a><\/div>\n<p>[\/vc_column_text][vc_single_image image=&#8221;182&#8243; img_size=&#8221;full&#8221; alignment=&#8221;center&#8221; onclick=&#8221;custom_link&#8221; css=&#8221;&#8221; link=&#8221;https:\/\/www.perivallon-urbana-oprema.com\/&#8221;][\/vc_column][vc_column width=&#8221;1\/3&#8243;][vc_column_text css=&#8221;&#8221;]<\/p>\n<h1 style=\"text-align: center;\"><a href=\"https:\/\/www.perivallon-urbana-oprema.com\/urbana-oprema-i-namjestaj\/egoe-asortiman\/\"><span style=\"color: #000080;\">urbana oprema EGOE<\/span><\/a><\/h1>\n<p>[\/vc_column_text][vc_column_text css=&#8221;.vc_custom_1768587940388{margin-top: -20px !important;}&#8221;]<\/p>\n<div style=\"text-align: center; line-height: 1.6;\"><a href=\"https:\/\/www.perivallon-urbana-oprema.com\/urbana-oprema-i-namjestaj\/egoe-asortiman\/\"><strong><span style=\"font-size: 18px;\">Posebno predstavljamo tvrtku Ego\u00e9 koja se na jedinstven na\u010din posvetila izradi urbane opreme i namje\u0161taja, modularnih sistema i malih ku\u0107a, te stanica za putnike.<\/span><\/strong><\/a><\/div>\n<p>[\/vc_column_text][vc_single_image image=&#8221;218&#8243; img_size=&#8221;full&#8221; alignment=&#8221;center&#8221; onclick=&#8221;custom_link&#8221; css=&#8221;&#8221; link=&#8221;https:\/\/www.perivallon-urbana-oprema.com\/urbana-oprema-i-namjestaj\/egoe-asortiman\/&#8221;][\/vc_column][vc_column width=&#8221;1\/3&#8243;][vc_column_text css=&#8221;&#8221;]<\/p>\n<h1 style=\"text-align: center;\"><span style=\"color: #ff0000;\"><a style=\"color: #ff0000;\" href=\"https:\/\/www.perivallon-djecja-igralista.eu\/\"><span style=\"color: #000080;\">dje\u010dja igrali\u0161ta i sport\u00a0<\/span><\/a><\/span><\/h1>\n<p>[\/vc_column_text][vc_column_text css=&#8221;.vc_custom_1756703663094{margin-top: -20px !important;}&#8221;]<\/p>\n<div style=\"text-align: center; line-height: 1.6;\"><a href=\"https:\/\/www.perivallon-djecja-igralista.eu\/\"><strong><span style=\"font-size: 18px;\">Na ovoj stranici nalazi se asortiman nekoliko proizvo\u0111a\u010da dje\u010djih igrala, opreme za vanjsku rekreaciju iz razli\u010ditih materijala i specifi\u010dnog dizajna.<\/span><\/strong><\/a><\/div>\n<p>[\/vc_column_text][vc_single_image image=&#8221;197&#8243; img_size=&#8221;full&#8221; alignment=&#8221;center&#8221; onclick=&#8221;custom_link&#8221; css=&#8221;&#8221; link=&#8221;https:\/\/www.perivallon-djecja-igralista.eu\/&#8221;][\/vc_column][\/vc_row][vc_row full_width=&#8221;stretch_row_content&#8221; css=&#8221;.vc_custom_1755348123675{margin-top: 50px !important;}&#8221;][vc_column width=&#8221;1\/3&#8243; css=&#8221;.vc_custom_1768654852046{margin-top: -150px !important;}&#8221;][vc_column_text css=&#8221;&#8221;]<\/p>\n<h1 style=\"text-align: center;\"><a href=\"https:\/\/stellagreen.hunyadi.hr\/\"><span style=\"color: #333300;\"><span style=\"color: #000080;\">ure\u0111enje javnih i privatnih povr\u0161ina<\/span><\/span><\/a><\/h1>\n<p>[\/vc_column_text][vc_column_text css=&#8221;.vc_custom_1756703688196{margin-top: -20px !important;}&#8221;]<\/p>\n<div style=\"text-align: center; line-height: 1.6;\"><a href=\"https:\/\/stellagreen.hunyadi.hr\/\"><span style=\"font-size: 18px;\"><b>Tu predstavljamo proizvode za ure\u0111enje vanjskih povr\u0161ina, kao \u0161to su stabilizatori \u0161ljunka, re\u0161etke za poja\u010danje travnjaka, podoge za sinteti\u010dke podloge, rubovi, umjetna trava, poklopci za \u0161ahtove &#8230;<\/b><\/span><\/a><\/div>\n<p>[\/vc_column_text][vc_single_image image=&#8221;209&#8243; img_size=&#8221;full&#8221; alignment=&#8221;center&#8221; onclick=&#8221;custom_link&#8221; css=&#8221;&#8221; link=&#8221;https:\/\/stellagreen.hunyadi.hr\/&#8221;][\/vc_column][vc_column width=&#8221;1\/3&#8243;][vc_column_text css=&#8221;&#8221;]<\/p>\n<h1 style=\"text-align: center;\"><a href=\"https:\/\/www.perivallon-kamen.com\/\"><span style=\"color: #000080;\">kamen, gres, gabioni, corten<\/span><\/a><\/h1>\n<p>[\/vc_column_text][vc_column_text css=&#8221;.vc_custom_1756703675153{margin-top: -20px !important;}&#8221;]<\/p>\n<div style=\"text-align: center; line-height: 1.6;\"><a href=\"https:\/\/www.perivallon-kamen.com\/\"><strong><span style=\"font-size: 18px;\">Na ovoj stranici nalazi se asortiman prirodnog kamena, gresa, kamen\u010di\u0107a i granulata, kreativnog betona, cortena.<\/span><\/strong><\/a><\/div>\n<p>[\/vc_column_text][vc_single_image image=&#8221;201&#8243; img_size=&#8221;full&#8221; alignment=&#8221;center&#8221; onclick=&#8221;custom_link&#8221; css=&#8221;&#8221; link=&#8221;https:\/\/www.perivallon-kamen.com\/&#8221;][\/vc_column][vc_column width=&#8221;1\/3&#8243; css=&#8221;.vc_custom_1768654583410{margin-top: -225px !important;}&#8221;][vc_column_text css=&#8221;&#8221;]<\/p>\n<h1 style=\"text-align: center;\"><a href=\"https:\/\/www.perivallon-urbana-oprema.com\/urbana-oprema-i-namjestaj\/urbana-oprema-ete\/materijali\/nasi-kompoziti\/\"><span style=\"color: #000080;\">kompozitni materijali RESYSTA i CROSSWOOD<\/span><\/a><\/h1>\n<p>[\/vc_column_text][vc_column_text css=&#8221;.vc_custom_1768654490745{margin-top: -20px !important;}&#8221;]<a href=\"https:\/\/www.perivallon-urbana-oprema.com\/urbana-oprema-i-namjestaj\/urbana-oprema-ete\/materijali\/nasi-kompoziti\/\"><span style=\"color: #000000;\"><strong><span style=\"font-size: 18px;\">Profili izra\u0111eni od materijala RESYSTA i CROSWOOD zapanjuju\u0107e su sli\u010dni egzoti\u010dnom drvu, ne samo izgledom ve\u0107 i na dodir. Vodootporni su i izdr\u017eljivi, \u0161to ih \u010dini prikladnima za svaku klimu. Svojstva izdr\u017eljivog kompozita otvaraju bezbrojne mogu\u0107nosti primjene: fasade zgrada, moderne terase, vrtne sjenice, ograde, urbani i vrtni namje\u0161taj te palube jahti i brodova samo su neke od ideja koje smo ve\u0107 realizirali.<\/span><\/strong><\/span><\/a>[\/vc_column_text][vc_single_image image=&#8221;241&#8243; img_size=&#8221;full&#8221; alignment=&#8221;center&#8221; onclick=&#8221;custom_link&#8221; css=&#8221;&#8221; link=&#8221;https:\/\/www.perivallon-urbana-oprema.com\/urbana-oprema-i-namjestaj\/urbana-oprema-ete\/materijali\/nasi-kompoziti\/&#8221;][\/vc_column][\/vc_row][vc_row full_width=&#8221;stretch_row_content&#8221; css=&#8221;.vc_custom_1755348123675{margin-top: 50px !important;}&#8221;][vc_column width=&#8221;1\/3&#8243; css=&#8221;.vc_custom_1768654881198{margin-top: -325px !important;}&#8221;][vc_column_text css=&#8221;&#8221;]<\/p>\n<h1 style=\"text-align: center;\"><a href=\"https:\/\/www.hunyadi-safety-group.com\/\"><span style=\"color: #ff0000;\"><span style=\"color: #000080;\">sigurnost radnika, radnih mjesta i za\u0161tita<\/span><\/span><\/a><\/h1>\n<p>[\/vc_column_text][vc_column_text css=&#8221;.vc_custom_1756703699970{margin-top: -20px !important;}&#8221;]<\/p>\n<div style=\"text-align: center; line-height: 1.6;\"><a href=\"https:\/\/www.hunyadi-safety-group.com\/\"><strong><span style=\"font-size: 18px;\">Ovdje se nalaze industrijske podloge, otira\u010di, proizvodi za te\u0161ke radne uvjete, upravljanje opasnim tvarima i za\u0161tita ljudi i okoli\u0161a<\/span><\/strong><\/a><\/div>\n<p>[\/vc_column_text][vc_single_image image=&#8221;212&#8243; img_size=&#8221;full&#8221; alignment=&#8221;center&#8221; onclick=&#8221;custom_link&#8221; css=&#8221;&#8221; link=&#8221;https:\/\/www.hunyadi-safety-group.com\/&#8221;][\/vc_column][vc_column width=&#8221;1\/3&#8243; css=&#8221;.vc_custom_1769593682172{margin-top: -75px !important;}&#8221;][vc_column_text css=&#8221;&#8221;]<\/p>\n<div class=\"vc_row wpb_row vc_row-fluid\">\n<div class=\"wpb_column vc_column_container vc_col-sm-12\">\n<div class=\"vc_column-inner vc_custom_1687507723163\">\n<div class=\"wpb_wrapper\">\n<div class=\"wpb_text_column wpb_content_element \">\n<div class=\"wpb_wrapper\">\n<h1 style=\"line-height: 1.2; text-align: center;\"><span style=\"color: #008000; font-size: 32px;\"><strong>poklopci, re\u0161etke i \u0161ahtovi iz duktilnog lijeva, kompozita<\/strong><\/span><\/h1>\n<\/div>\n<\/div>\n<\/div>\n<\/div>\n<\/div>\n<\/div>\n<div class=\"vc_row wpb_row vc_row-fluid vc_custom_1691309518142\">\n<div class=\"wpb_column vc_column_container vc_col-sm-4\">\n<div class=\"vc_column-inner\">\n<div class=\"wpb_wrapper\">\n<div class=\"cz_eqh cz_content_box_parent_fx \">\n<div id=\"cz_29295\" class=\"cz_29295 cz_content_box clr cz_split_box_top cz_box_hide_arrow\"><\/div>\n<\/div>\n<\/div>\n<\/div>\n<\/div>\n<\/div>\n<p>[\/vc_column_text][vc_column_text css=&#8221;.vc_custom_1756703699970{margin-top: -20px !important;}&#8221;]<\/p>\n<div style=\"text-align: center; line-height: 1.6;\"><a href=\"https:\/\/www.hunyadi-safety-group.com\/\"><strong><span style=\"font-size: 18px;\">Ovdje se nalaze industrijske podloge, otira\u010di, proizvodi za te\u0161ke radne uvjete, upravljanje opasnim tvarima i za\u0161tita ljudi i okoli\u0161a<\/span><\/strong><\/a><\/div>\n<p>[\/vc_column_text][vc_single_image image=&#8221;212&#8243; img_size=&#8221;full&#8221; alignment=&#8221;center&#8221; onclick=&#8221;custom_link&#8221; css=&#8221;&#8221; link=&#8221;https:\/\/www.hunyadi-safety-group.com\/&#8221;][\/vc_column][vc_column width=&#8221;1\/3&#8243;][\/vc_column][\/vc_row][vc_row][vc_column][vc_separator css=&#8221;&#8221;][\/vc_column][\/vc_row]<\/p>\n<\/div>","protected":false},"excerpt":{"rendered":"<p>[vc_row full_width=&#8221;stretch_row_content&#8221; css=&#8221;.vc_custom_1755344831493{margin-top: 50px !important;}&#8221;][vc_column][vc_column_text css=&#8221;&#8221;] \u00a0 \u00a0 \u00a0 \u00a0 \u00a0 &#8230; <\/p>\n","protected":false},"author":1,"featured_media":0,"parent":0,"menu_order":0,"comment_status":"closed","ping_status":"closed","template":"","meta":{"footnotes":""},"class_list":["post-2","page","type-page","status-publish","hentry"],"_links":{"self":[{"href":"https:\/\/perivallon.hr\/index.php\/wp-json\/wp\/v2\/pages\/2","targetHints":{"allow":["GET"]}}],"collection":[{"href":"https:\/\/perivallon.hr\/index.php\/wp-json\/wp\/v2\/pages"}],"about":[{"href":"https:\/\/perivallon.hr\/index.php\/wp-json\/wp\/v2\/types\/page"}],"author":[{"embeddable":true,"href":"https:\/\/perivallon.hr\/index.php\/wp-json\/wp\/v2\/users\/1"}],"replies":[{"embeddable":true,"href":"https:\/\/perivallon.hr\/index.php\/wp-json\/wp\/v2\/comments?post=2"}],"version-history":[{"count":154,"href":"https:\/\/perivallon.hr\/index.php\/wp-json\/wp\/v2\/pages\/2\/revisions"}],"predecessor-version":[{"id":264,"href":"https:\/\/perivallon.hr\/index.php\/wp-json\/wp\/v2\/pages\/2\/revisions\/264"}],"wp:attachment":[{"href":"https:\/\/perivallon.hr\/index.php\/wp-json\/wp\/v2\/media?parent=2"}],"curies":[{"name":"wp","href":"https:\/\/api.w.org\/{rel}","templated":true}]}}